{"id":82,"date":"2024-03-03T20:55:10","date_gmt":"2024-03-03T17:55:10","guid":{"rendered":"https:\/\/safirdemo.com\/atolye\/hakkimizda\/"},"modified":"2024-12-11T19:40:24","modified_gmt":"2024-12-11T16:40:24","slug":"hakkimizda","status":"publish","type":"page","link":"https:\/\/sogutosb.org.tr\/?page_id=82","title":{"rendered":"Hakk\u0131m\u0131zda"},"content":{"rendered":"\n<figure class=\"wp-block-image size-large\"><img loading=\"lazy\" decoding=\"async\" width=\"1024\" height=\"683\" src=\"https:\/\/sogutosb.org.tr\/wp-content\/uploads\/2024\/12\/DJI_0089-1024x683.jpg\" alt=\"\" class=\"wp-image-867\" srcset=\"https:\/\/sogutosb.org.tr\/wp-content\/uploads\/2024\/12\/DJI_0089-1024x683.jpg 1024w, https:\/\/sogutosb.org.tr\/wp-content\/uploads\/2024\/12\/DJI_0089-300x200.jpg 300w, https:\/\/sogutosb.org.tr\/wp-content\/uploads\/2024\/12\/DJI_0089-768x512.jpg 768w, https:\/\/sogutosb.org.tr\/wp-content\/uploads\/2024\/12\/DJI_0089-1536x1024.jpg 1536w, https:\/\/sogutosb.org.tr\/wp-content\/uploads\/2024\/12\/DJI_0089-2048x1365.jpg 2048w\" sizes=\"auto, (max-width: 1024px) 100vw, 1024px\" \/><\/figure>\n\n\n\n<p>S\u00f6\u011f\u00fct Organize Sanayi B\u00f6lgesi (SORSAB), T\u00fcrkiye&#8217;nin sanayi potansiyelini art\u0131rmak ve b\u00f6lgesel kalk\u0131nmay\u0131 desteklemek amac\u0131yla kurulmu\u015f, modern altyap\u0131ya sahip bir sanayi b\u00f6lgesidir. Bilecik&#8217;in S\u00f6\u011f\u00fct il\u00e7esinde yer alan SORSAB, stratejik konumu, \u00e7evre dostu yakla\u015f\u0131m\u0131 ve ileri teknoloji imkanlar\u0131yla b\u00f6lge ekonomisine \u00f6nemli katk\u0131lar sa\u011flamaktad\u0131r.<\/p>\n\n\n\n<p>SORSAB, \u00e7e\u015fitli sekt\u00f6rlerde faaliyet g\u00f6steren firmalara ev sahipli\u011fi yaparak, \u00fcretim, ihracat ve istihdam konular\u0131nda b\u00f6lgenin kalk\u0131nmas\u0131nda kritik bir rol oynamaktad\u0131r. B\u00f6lgemizde faaliyet g\u00f6steren firmalar, en y\u00fcksek kalite standartlar\u0131na uygun \u00fcretim yaparken, s\u00fcrd\u00fcr\u00fclebilirlik ve \u00e7evre koruma ilkelerine de b\u00fcy\u00fck \u00f6nem vermektedir.<\/p>\n\n\n\n<p>Altyap\u0131 imkanlar\u0131m\u0131z aras\u0131nda, modern yol a\u011flar\u0131, su ve enerji temini, at\u0131k y\u00f6netimi ve ileti\u015fim hizmetleri bulunmaktad\u0131r. Ayr\u0131ca, i\u015f sa\u011fl\u0131\u011f\u0131 ve g\u00fcvenli\u011fi, e\u011fitim ve sosyal tesislerimizle, firmalar\u0131n ihtiya\u00e7 duydu\u011fu t\u00fcm destek hizmetlerini sunmaktay\u0131z. SORSAB olarak, sanayicilerimize sundu\u011fumuz geni\u015f hizmet yelpazesi ile rekabet\u00e7i bir \u00fcretim ortam\u0131 yaratmay\u0131 hedefliyoruz.<\/p>\n\n\n\n<p>SORSAB olarak, g\u00fc\u00e7l\u00fc altyap\u0131m\u0131z, kaliteli hizmet anlay\u0131\u015f\u0131m\u0131z ve \u00e7evreye duyarl\u0131 yakla\u015f\u0131m\u0131m\u0131z ile sanayicilerimizin ve yat\u0131r\u0131mc\u0131lar\u0131m\u0131z\u0131n her zaman yan\u0131nda olmaktan gurur duyuyoruz.<\/p>\n\n\n\n<div class=\"wp-block-columns is-layout-flex wp-container-core-columns-is-layout-9d6595d7 wp-block-columns-is-layout-flex\">\n<div class=\"wp-block-column is-layout-flow wp-block-column-is-layout-flow\"><div style=\"color:var(--headColor);\" class=\"wp-block-safirtema-mainheading singleHeading mainHeading wp-block-safirtema-mainheading has-text-color\">\n\t<div class=\"singleHeading\">\n\t\t<div class=\"inner\">\n\t\t\t<span class=\"safiricon icon\"><svg class=\"safiricon-lamba\"><use href=\"#safiricon-lamba\"><\/use><\/svg><\/span>\t\t\t<div class=\"text\">Misyonumuz<\/div>\n\t\t<\/div>\n\t<\/div>\n<\/div>\n\n\n<p>Misyonumuz ise, sanayicilerimize en iyi hizmeti sunarak, onlar\u0131n global pazarda rekabet edebilirli\u011fini art\u0131rmak ve b\u00f6lge halk\u0131na yeni istihdam olanaklar\u0131 yaratmakt\u0131r.<\/p>\n<\/div>\n\n\n\n<div class=\"wp-block-column is-layout-flow wp-block-column-is-layout-flow\"><div style=\"color:var(--headColor);\" class=\"wp-block-safirtema-mainheading singleHeading mainHeading wp-block-safirtema-mainheading has-text-color\">\n\t<div class=\"singleHeading\">\n\t\t<div class=\"inner\">\n\t\t\t<span class=\"safiricon icon\"><svg class=\"safiricon-dunya\"><use href=\"#safiricon-dunya\"><\/use><\/svg><\/span>\t\t\t<div class=\"text\">Vizyonumuz<\/div>\n\t\t<\/div>\n\t<\/div>\n<\/div>\n\n\n<p>S\u00f6\u011f\u00fct Organize Sanayi B\u00f6lgesi&#8217;ni, T\u00fcrkiye&#8217;nin en yenilik\u00e7i ve s\u00fcrd\u00fcr\u00fclebilir sanayi b\u00f6lgelerinden biri haline getirerek, b\u00f6lgesel ve ulusal ekonomik b\u00fcy\u00fcmeye katk\u0131da bulunmakt\u0131r. <\/p>\n<\/div>\n<\/div>\n","protected":false},"excerpt":{"rendered":"<p>S\u00f6\u011f\u00fct Organize Sanayi B\u00f6lgesi (SORSAB), T\u00fcrkiye&#8217;nin sanayi potansiyelini art\u0131rmak ve b\u00f6lgesel kalk\u0131nmay\u0131 desteklemek amac\u0131yla kurulmu\u015f, modern altyap\u0131ya sahip bir sanayi b\u00f6lgesidir. Bilecik&#8217;in S\u00f6\u011f\u00fct il\u00e7esinde yer alan SORSAB, stratejik konumu, \u00e7evre dostu yakla\u015f\u0131m\u0131 ve ileri teknoloji imkanlar\u0131yla b\u00f6lge ekonomisine \u00f6nemli katk\u0131lar sa\u011flamaktad\u0131r. SORSAB, \u00e7e\u015fitli sekt\u00f6rlerde faaliyet g\u00f6steren firmalara ev sahipli\u011fi yaparak, \u00fcretim, ihracat ve istihdam konular\u0131nda [&hellip;]<\/p>\n","protected":false},"author":1,"featured_media":0,"parent":0,"menu_order":0,"comment_status":"closed","ping_status":"closed","template":"","meta":{"footnotes":""},"class_list":["post-82","page","type-page","status-publish","hentry"],"_links":{"self":[{"href":"https:\/\/sogutosb.org.tr\/index.php?rest_route=\/wp\/v2\/pages\/82","targetHints":{"allow":["GET"]}}],"collection":[{"href":"https:\/\/sogutosb.org.tr\/index.php?rest_route=\/wp\/v2\/pages"}],"about":[{"href":"https:\/\/sogutosb.org.tr\/index.php?rest_route=\/wp\/v2\/types\/page"}],"author":[{"embeddable":true,"href":"https:\/\/sogutosb.org.tr\/index.php?rest_route=\/wp\/v2\/users\/1"}],"replies":[{"embeddable":true,"href":"https:\/\/sogutosb.org.tr\/index.php?rest_route=%2Fwp%2Fv2%2Fcomments&post=82"}],"version-history":[{"count":5,"href":"https:\/\/sogutosb.org.tr\/index.php?rest_route=\/wp\/v2\/pages\/82\/revisions"}],"predecessor-version":[{"id":869,"href":"https:\/\/sogutosb.org.tr\/index.php?rest_route=\/wp\/v2\/pages\/82\/revisions\/869"}],"wp:attachment":[{"href":"https:\/\/sogutosb.org.tr\/index.php?rest_route=%2Fwp%2Fv2%2Fmedia&parent=82"}],"curies":[{"name":"wp","href":"https:\/\/api.w.org\/{rel}","templated":true}]}}