{"id":52,"date":"2024-03-03T19:33:07","date_gmt":"2024-03-03T16:33:07","guid":{"rendered":"https:\/\/safirdemo.com\/atolye\/sikca-sorulan-sorular\/"},"modified":"2023-02-03T19:33:07","modified_gmt":"2024-03-03T16:33:07","slug":"sikca-sorulan-sorular","status":"publish","type":"page","link":"https:\/\/sogutosb.org.tr\/?page_id=52","title":{"rendered":"S\u0131k\u00e7a Sorulan Sorular"},"content":{"rendered":"\n<p>Bu sayfada\u00a0<strong>Safir Soru Cevap<\/strong>\u00a0Gutenberg blo\u011funu kullan\u0131larak olu\u015fturulmu\u015f \u00f6rnek bir soru cevap sayfas\u0131 g\u00f6rmektesiniz. Herhangi bir yaz\u0131 veya sayfaya eklenmi\u015f soru ve cevaplar\u0131 k\u0131sakod deste\u011fi ile bile\u015fenlerde veya benzeri alanlarda da g\u00f6sterebilirsiniz.<\/p>\n\n\n<div class=\"safir-faq wp-block-safirtema-sorucevap\">\n\t<div class=\"question\">\n\t\t<div class=\"themeicon icon\">\n\t\t\t<span class=\"themeicon icon\"><svg class=\"themeicon-plus\"><use href=\"#themeicon-plus\"><\/use><\/svg><\/span>\t\t\t<span class=\"themeicon icon\"><svg class=\"themeicon-minus\"><use href=\"#themeicon-minus\"><\/use><\/svg><\/span>\t\t<\/div>\n\t\t<span class=\"text\">Corrupti et quo sint similique error?<\/span>\n\t<\/div>\n\t<div class=\"answer\">Buraya cevab\u0131n\u0131z\u0131 yaz\u0131n\u0131z.<\/div>\n<\/div>\n\n<div class=\"safir-faq wp-block-safirtema-sorucevap\">\n\t<div class=\"question\">\n\t\t<div class=\"themeicon icon\">\n\t\t\t<span class=\"themeicon icon\"><svg class=\"themeicon-plus\"><use href=\"#themeicon-plus\"><\/use><\/svg><\/span>\t\t\t<span class=\"themeicon icon\"><svg class=\"themeicon-minus\"><use href=\"#themeicon-minus\"><\/use><\/svg><\/span>\t\t<\/div>\n\t\t<span class=\"text\">Nostrum sed est quam odio tempora eligendi laboriosam?<\/span>\n\t<\/div>\n\t<div class=\"answer\">Buraya cevab\u0131n\u0131z\u0131 yaz\u0131n\u0131z.<\/div>\n<\/div>\n\n<div class=\"safir-faq wp-block-safirtema-sorucevap\">\n\t<div class=\"question\">\n\t\t<div class=\"themeicon icon\">\n\t\t\t<span class=\"themeicon icon\"><svg class=\"themeicon-plus\"><use href=\"#themeicon-plus\"><\/use><\/svg><\/span>\t\t\t<span class=\"themeicon icon\"><svg class=\"themeicon-minus\"><use href=\"#themeicon-minus\"><\/use><\/svg><\/span>\t\t<\/div>\n\t\t<span class=\"text\">Aliquid ipsum eius maxime qui provident nobis cum?<\/span>\n\t<\/div>\n\t<div class=\"answer\">Buraya cevab\u0131n\u0131z\u0131 yaz\u0131n\u0131z.<\/div>\n<\/div>\n\n<div class=\"safir-faq wp-block-safirtema-sorucevap\">\n\t<div class=\"question\">\n\t\t<div class=\"themeicon icon\">\n\t\t\t<span class=\"themeicon icon\"><svg class=\"themeicon-plus\"><use href=\"#themeicon-plus\"><\/use><\/svg><\/span>\t\t\t<span class=\"themeicon icon\"><svg class=\"themeicon-minus\"><use href=\"#themeicon-minus\"><\/use><\/svg><\/span>\t\t<\/div>\n\t\t<span class=\"text\">Soluta occaecati est eligendi minima omnis reprehenderit?<\/span>\n\t<\/div>\n\t<div class=\"answer\">Buraya cevab\u0131n\u0131z\u0131 yaz\u0131n\u0131z.<\/div>\n<\/div>\n\n<div class=\"safir-faq wp-block-safirtema-sorucevap\">\n\t<div class=\"question\">\n\t\t<div class=\"themeicon icon\">\n\t\t\t<span class=\"themeicon icon\"><svg class=\"themeicon-plus\"><use href=\"#themeicon-plus\"><\/use><\/svg><\/span>\t\t\t<span class=\"themeicon icon\"><svg class=\"themeicon-minus\"><use href=\"#themeicon-minus\"><\/use><\/svg><\/span>\t\t<\/div>\n\t\t<span class=\"text\">Occaecati similique facere vel et quia rem rem?<\/span>\n\t<\/div>\n\t<div class=\"answer\">Buraya cevab\u0131n\u0131z\u0131 yaz\u0131n\u0131z.<\/div>\n<\/div>\n\n<div class=\"safir-faq wp-block-safirtema-sorucevap\">\n\t<div class=\"question\">\n\t\t<div class=\"themeicon icon\">\n\t\t\t<span class=\"themeicon icon\"><svg class=\"themeicon-plus\"><use href=\"#themeicon-plus\"><\/use><\/svg><\/span>\t\t\t<span class=\"themeicon icon\"><svg class=\"themeicon-minus\"><use href=\"#themeicon-minus\"><\/use><\/svg><\/span>\t\t<\/div>\n\t\t<span class=\"text\">Consequatur quod in alias at nostrum nulla quod omnis?<\/span>\n\t<\/div>\n\t<div class=\"answer\">Buraya cevab\u0131n\u0131z\u0131 yaz\u0131n\u0131z.<\/div>\n<\/div>","protected":false},"excerpt":{"rendered":"<p>Bu sayfada\u00a0Safir Soru Cevap\u00a0Gutenberg blo\u011funu kullan\u0131larak olu\u015fturulmu\u015f \u00f6rnek bir soru cevap sayfas\u0131 g\u00f6rmektesiniz. Herhangi bir yaz\u0131 veya sayfaya eklenmi\u015f soru ve cevaplar\u0131 k\u0131sakod deste\u011fi ile bile\u015fenlerde veya benzeri alanlarda da g\u00f6sterebilirsiniz.<\/p>\n","protected":false},"author":1,"featured_media":0,"parent":0,"menu_order":0,"comment_status":"closed","ping_status":"closed","template":"","meta":{"footnotes":""},"class_list":["post-52","page","type-page","status-publish","hentry"],"_links":{"self":[{"href":"https:\/\/sogutosb.org.tr\/index.php?rest_route=\/wp\/v2\/pages\/52","targetHints":{"allow":["GET"]}}],"collection":[{"href":"https:\/\/sogutosb.org.tr\/index.php?rest_route=\/wp\/v2\/pages"}],"about":[{"href":"https:\/\/sogutosb.org.tr\/index.php?rest_route=\/wp\/v2\/types\/page"}],"author":[{"embeddable":true,"href":"https:\/\/sogutosb.org.tr\/index.php?rest_route=\/wp\/v2\/users\/1"}],"replies":[{"embeddable":true,"href":"https:\/\/sogutosb.org.tr\/index.php?rest_route=%2Fwp%2Fv2%2Fcomments&post=52"}],"version-history":[{"count":0,"href":"https:\/\/sogutosb.org.tr\/index.php?rest_route=\/wp\/v2\/pages\/52\/revisions"}],"wp:attachment":[{"href":"https:\/\/sogutosb.org.tr\/index.php?rest_route=%2Fwp%2Fv2%2Fmedia&parent=52"}],"curies":[{"name":"wp","href":"https:\/\/api.w.org\/{rel}","templated":true}]}}