{"id":37,"date":"2024-03-03T14:13:53","date_gmt":"2024-03-03T11:13:53","guid":{"rendered":"https:\/\/safirdemo.com\/atolye\/ekibimiz\/"},"modified":"2024-12-11T19:11:16","modified_gmt":"2024-12-11T16:11:16","slug":"ekibimiz","status":"publish","type":"page","link":"https:\/\/sogutosb.org.tr\/?page_id=37","title":{"rendered":"Y\u00f6netim"},"content":{"rendered":"\n<hr class=\"wp-block-separator has-alpha-channel-opacity\"\/>\n\n\n\n<h1 class=\"wp-block-heading\">M\u00fcte\u015febbis Heyet<\/h1>\n\n\n\n<figure class=\"wp-block-gallery has-nested-images columns-3 is-cropped wp-block-gallery-1 is-layout-flex wp-block-gallery-is-layout-flex\">\n<figure class=\"wp-block-image size-large\"><img loading=\"lazy\" decoding=\"async\" width=\"619\" height=\"619\" data-id=\"111\" src=\"https:\/\/sogutosb.org.tr\/wp-content\/uploads\/2024\/03\/crew2-1.jpg\" alt=\"\" class=\"wp-image-111\" srcset=\"https:\/\/sogutosb.org.tr\/wp-content\/uploads\/2024\/03\/crew2-1.jpg 619w, https:\/\/sogutosb.org.tr\/wp-content\/uploads\/2024\/03\/crew2-1-300x300.jpg 300w, https:\/\/sogutosb.org.tr\/wp-content\/uploads\/2024\/03\/crew2-1-150x150.jpg 150w\" sizes=\"auto, (max-width: 619px) 100vw, 619px\" \/><\/figure>\n\n\n\n<figure class=\"wp-block-image size-large is-style-default\"><img loading=\"lazy\" decoding=\"async\" width=\"900\" height=\"900\" data-id=\"110\" src=\"https:\/\/sogutosb.org.tr\/wp-content\/uploads\/2024\/03\/crew1-1.jpg\" alt=\"\" class=\"wp-image-110\" srcset=\"https:\/\/sogutosb.org.tr\/wp-content\/uploads\/2024\/03\/crew1-1.jpg 900w, https:\/\/sogutosb.org.tr\/wp-content\/uploads\/2024\/03\/crew1-1-300x300.jpg 300w, https:\/\/sogutosb.org.tr\/wp-content\/uploads\/2024\/03\/crew1-1-150x150.jpg 150w, https:\/\/sogutosb.org.tr\/wp-content\/uploads\/2024\/03\/crew1-1-768x768.jpg 768w\" sizes=\"auto, (max-width: 900px) 100vw, 900px\" \/><\/figure>\n\n\n\n<figure class=\"wp-block-image size-large\"><img loading=\"lazy\" decoding=\"async\" width=\"619\" height=\"619\" data-id=\"118\" src=\"https:\/\/sogutosb.org.tr\/wp-content\/uploads\/2024\/03\/crew7-1.jpg\" alt=\"\" class=\"wp-image-118\" srcset=\"https:\/\/sogutosb.org.tr\/wp-content\/uploads\/2024\/03\/crew7-1.jpg 619w, https:\/\/sogutosb.org.tr\/wp-content\/uploads\/2024\/03\/crew7-1-300x300.jpg 300w, https:\/\/sogutosb.org.tr\/wp-content\/uploads\/2024\/03\/crew7-1-150x150.jpg 150w\" sizes=\"auto, (max-width: 619px) 100vw, 619px\" \/><\/figure>\n<\/figure>\n\n\n\n<hr class=\"wp-block-separator has-alpha-channel-opacity\"\/>\n\n\n\n<h1 class=\"wp-block-heading\">Y\u00f6netim Kurulu<\/h1>\n\n\n\n<figure class=\"wp-block-gallery has-nested-images columns-3 is-cropped wp-block-gallery-2 is-layout-flex wp-block-gallery-is-layout-flex\">\n<figure class=\"wp-block-image size-large\"><img loading=\"lazy\" decoding=\"async\" width=\"619\" height=\"619\" data-id=\"120\" src=\"https:\/\/sogutosb.org.tr\/wp-content\/uploads\/2024\/03\/crew9-1.jpg\" alt=\"\" class=\"wp-image-120\" srcset=\"https:\/\/sogutosb.org.tr\/wp-content\/uploads\/2024\/03\/crew9-1.jpg 619w, https:\/\/sogutosb.org.tr\/wp-content\/uploads\/2024\/03\/crew9-1-300x300.jpg 300w, https:\/\/sogutosb.org.tr\/wp-content\/uploads\/2024\/03\/crew9-1-150x150.jpg 150w\" sizes=\"auto, (max-width: 619px) 100vw, 619px\" \/><\/figure>\n\n\n\n<figure class=\"wp-block-image size-large\"><img loading=\"lazy\" decoding=\"async\" width=\"619\" height=\"619\" data-id=\"118\" src=\"https:\/\/sogutosb.org.tr\/wp-content\/uploads\/2024\/03\/crew7-1.jpg\" alt=\"\" class=\"wp-image-118\" srcset=\"https:\/\/sogutosb.org.tr\/wp-content\/uploads\/2024\/03\/crew7-1.jpg 619w, https:\/\/sogutosb.org.tr\/wp-content\/uploads\/2024\/03\/crew7-1-300x300.jpg 300w, https:\/\/sogutosb.org.tr\/wp-content\/uploads\/2024\/03\/crew7-1-150x150.jpg 150w\" sizes=\"auto, (max-width: 619px) 100vw, 619px\" \/><\/figure>\n\n\n\n<figure class=\"wp-block-image size-large\"><img loading=\"lazy\" decoding=\"async\" width=\"619\" height=\"619\" data-id=\"114\" src=\"https:\/\/sogutosb.org.tr\/wp-content\/uploads\/2024\/03\/crew5-1.jpg\" alt=\"\" class=\"wp-image-114\" srcset=\"https:\/\/sogutosb.org.tr\/wp-content\/uploads\/2024\/03\/crew5-1.jpg 619w, https:\/\/sogutosb.org.tr\/wp-content\/uploads\/2024\/03\/crew5-1-300x300.jpg 300w, https:\/\/sogutosb.org.tr\/wp-content\/uploads\/2024\/03\/crew5-1-150x150.jpg 150w\" sizes=\"auto, (max-width: 619px) 100vw, 619px\" \/><\/figure>\n<\/figure>\n\n\n\n<hr class=\"wp-block-separator has-alpha-channel-opacity\"\/>\n\n\n\n<h1 class=\"wp-block-heading\"><strong>Denetim Kurulu<\/strong><\/h1>\n\n\n\n<figure class=\"wp-block-gallery has-nested-images columns-3 is-cropped wp-block-gallery-3 is-layout-flex wp-block-gallery-is-layout-flex\">\n<figure class=\"wp-block-image size-large\"><img loading=\"lazy\" decoding=\"async\" width=\"619\" height=\"619\" data-id=\"118\" src=\"https:\/\/sogutosb.org.tr\/wp-content\/uploads\/2024\/03\/crew7-1.jpg\" alt=\"\" class=\"wp-image-118\" srcset=\"https:\/\/sogutosb.org.tr\/wp-content\/uploads\/2024\/03\/crew7-1.jpg 619w, https:\/\/sogutosb.org.tr\/wp-content\/uploads\/2024\/03\/crew7-1-300x300.jpg 300w, https:\/\/sogutosb.org.tr\/wp-content\/uploads\/2024\/03\/crew7-1-150x150.jpg 150w\" sizes=\"auto, (max-width: 619px) 100vw, 619px\" \/><\/figure>\n\n\n\n<figure class=\"wp-block-image size-large\"><img loading=\"lazy\" decoding=\"async\" width=\"619\" height=\"619\" data-id=\"114\" src=\"https:\/\/sogutosb.org.tr\/wp-content\/uploads\/2024\/03\/crew5-1.jpg\" alt=\"\" class=\"wp-image-114\" srcset=\"https:\/\/sogutosb.org.tr\/wp-content\/uploads\/2024\/03\/crew5-1.jpg 619w, https:\/\/sogutosb.org.tr\/wp-content\/uploads\/2024\/03\/crew5-1-300x300.jpg 300w, https:\/\/sogutosb.org.tr\/wp-content\/uploads\/2024\/03\/crew5-1-150x150.jpg 150w\" sizes=\"auto, (max-width: 619px) 100vw, 619px\" \/><\/figure>\n\n\n\n<figure class=\"wp-block-image size-large\"><img loading=\"lazy\" decoding=\"async\" width=\"900\" height=\"900\" data-id=\"115\" src=\"https:\/\/sogutosb.org.tr\/wp-content\/uploads\/2024\/03\/crew6-1.jpg\" alt=\"\" class=\"wp-image-115\" srcset=\"https:\/\/sogutosb.org.tr\/wp-content\/uploads\/2024\/03\/crew6-1.jpg 900w, https:\/\/sogutosb.org.tr\/wp-content\/uploads\/2024\/03\/crew6-1-300x300.jpg 300w, https:\/\/sogutosb.org.tr\/wp-content\/uploads\/2024\/03\/crew6-1-150x150.jpg 150w, https:\/\/sogutosb.org.tr\/wp-content\/uploads\/2024\/03\/crew6-1-768x768.jpg 768w\" sizes=\"auto, (max-width: 900px) 100vw, 900px\" \/><\/figure>\n<\/figure>\n\n\n\n<hr class=\"wp-block-separator has-alpha-channel-opacity\"\/>\n\n\n\n<h1 class=\"wp-block-heading\"><strong>B\u00f6lge M\u00fcd\u00fcrl\u00fc\u011f\u00fc<\/strong><\/h1>\n\n\n\n<figure class=\"wp-block-gallery has-nested-images columns-default is-cropped wp-block-gallery-4 is-layout-flex wp-block-gallery-is-layout-flex\">\n<figure class=\"wp-block-image size-large\"><img loading=\"lazy\" decoding=\"async\" width=\"619\" height=\"619\" data-id=\"118\" src=\"https:\/\/sogutosb.org.tr\/wp-content\/uploads\/2024\/03\/crew7-1.jpg\" alt=\"\" class=\"wp-image-118\" srcset=\"https:\/\/sogutosb.org.tr\/wp-content\/uploads\/2024\/03\/crew7-1.jpg 619w, https:\/\/sogutosb.org.tr\/wp-content\/uploads\/2024\/03\/crew7-1-300x300.jpg 300w, https:\/\/sogutosb.org.tr\/wp-content\/uploads\/2024\/03\/crew7-1-150x150.jpg 150w\" sizes=\"auto, (max-width: 619px) 100vw, 619px\" \/><\/figure>\n\n\n\n<figure class=\"wp-block-image size-large\"><img loading=\"lazy\" decoding=\"async\" width=\"619\" height=\"619\" data-id=\"114\" src=\"https:\/\/sogutosb.org.tr\/wp-content\/uploads\/2024\/03\/crew5-1.jpg\" alt=\"\" class=\"wp-image-114\" srcset=\"https:\/\/sogutosb.org.tr\/wp-content\/uploads\/2024\/03\/crew5-1.jpg 619w, https:\/\/sogutosb.org.tr\/wp-content\/uploads\/2024\/03\/crew5-1-300x300.jpg 300w, https:\/\/sogutosb.org.tr\/wp-content\/uploads\/2024\/03\/crew5-1-150x150.jpg 150w\" sizes=\"auto, (max-width: 619px) 100vw, 619px\" \/><\/figure>\n\n\n\n<figure class=\"wp-block-image size-large\"><img loading=\"lazy\" decoding=\"async\" width=\"900\" height=\"900\" data-id=\"115\" src=\"https:\/\/sogutosb.org.tr\/wp-content\/uploads\/2024\/03\/crew6-1.jpg\" alt=\"\" class=\"wp-image-115\" srcset=\"https:\/\/sogutosb.org.tr\/wp-content\/uploads\/2024\/03\/crew6-1.jpg 900w, https:\/\/sogutosb.org.tr\/wp-content\/uploads\/2024\/03\/crew6-1-300x300.jpg 300w, https:\/\/sogutosb.org.tr\/wp-content\/uploads\/2024\/03\/crew6-1-150x150.jpg 150w, https:\/\/sogutosb.org.tr\/wp-content\/uploads\/2024\/03\/crew6-1-768x768.jpg 768w\" sizes=\"auto, (max-width: 900px) 100vw, 900px\" \/><\/figure>\n<\/figure>\n","protected":false},"excerpt":{"rendered":"<p>M\u00fcte\u015febbis Heyet Y\u00f6netim Kurulu Denetim Kurulu B\u00f6lge M\u00fcd\u00fcrl\u00fc\u011f\u00fc<\/p>\n","protected":false},"author":1,"featured_media":0,"parent":0,"menu_order":0,"comment_status":"closed","ping_status":"closed","template":"pages\/page-crew.php","meta":{"footnotes":""},"class_list":["post-37","page","type-page","status-publish","hentry"],"_links":{"self":[{"href":"https:\/\/sogutosb.org.tr\/index.php?rest_route=\/wp\/v2\/pages\/37","targetHints":{"allow":["GET"]}}],"collection":[{"href":"https:\/\/sogutosb.org.tr\/index.php?rest_route=\/wp\/v2\/pages"}],"about":[{"href":"https:\/\/sogutosb.org.tr\/index.php?rest_route=\/wp\/v2\/types\/page"}],"author":[{"embeddable":true,"href":"https:\/\/sogutosb.org.tr\/index.php?rest_route=\/wp\/v2\/users\/1"}],"replies":[{"embeddable":true,"href":"https:\/\/sogutosb.org.tr\/index.php?rest_route=%2Fwp%2Fv2%2Fcomments&post=37"}],"version-history":[{"count":18,"href":"https:\/\/sogutosb.org.tr\/index.php?rest_route=\/wp\/v2\/pages\/37\/revisions"}],"predecessor-version":[{"id":851,"href":"https:\/\/sogutosb.org.tr\/index.php?rest_route=\/wp\/v2\/pages\/37\/revisions\/851"}],"wp:attachment":[{"href":"https:\/\/sogutosb.org.tr\/index.php?rest_route=%2Fwp%2Fv2%2Fmedia&parent=37"}],"curies":[{"name":"wp","href":"https:\/\/api.w.org\/{rel}","templated":true}]}}