{"id":23,"date":"2024-03-03T13:20:43","date_gmt":"2024-03-03T10:20:43","guid":{"rendered":"https:\/\/safirdemo.com\/atolye\/cozum-ortaklari\/"},"modified":"2024-12-12T12:22:22","modified_gmt":"2024-12-12T09:22:22","slug":"cozum-ortaklari","status":"publish","type":"page","link":"https:\/\/sogutosb.org.tr\/?page_id=23","title":{"rendered":"\u00c7\u00f6z\u00fcm Ortaklar\u0131"},"content":{"rendered":"\n<p><\/p>\n\n\n\n<figure class=\"wp-block-gallery has-nested-images columns-default wp-block-gallery-1 is-layout-flex wp-block-gallery-is-layout-flex\">\n<figure class=\"wp-block-image size-full\"><img loading=\"lazy\" decoding=\"async\" width=\"2244\" height=\"709\" data-id=\"808\" src=\"https:\/\/sogutosb.org.tr\/wp-content\/uploads\/2024\/03\/serel-logo.jpg\" alt=\"\" class=\"wp-image-808\" srcset=\"https:\/\/sogutosb.org.tr\/wp-content\/uploads\/2024\/03\/serel-logo.jpg 2244w, https:\/\/sogutosb.org.tr\/wp-content\/uploads\/2024\/03\/serel-logo-300x95.jpg 300w, https:\/\/sogutosb.org.tr\/wp-content\/uploads\/2024\/03\/serel-logo-1024x324.jpg 1024w, https:\/\/sogutosb.org.tr\/wp-content\/uploads\/2024\/03\/serel-logo-768x243.jpg 768w, https:\/\/sogutosb.org.tr\/wp-content\/uploads\/2024\/03\/serel-logo-1536x485.jpg 1536w, https:\/\/sogutosb.org.tr\/wp-content\/uploads\/2024\/03\/serel-logo-2048x647.jpg 2048w\" sizes=\"auto, (max-width: 2244px) 100vw, 2244px\" \/><\/figure>\n\n\n\n<figure class=\"wp-block-image size-full\"><img loading=\"lazy\" decoding=\"async\" width=\"652\" height=\"652\" data-id=\"813\" src=\"https:\/\/sogutosb.org.tr\/wp-content\/uploads\/2024\/03\/cinarlar2.jpg\" alt=\"\" class=\"wp-image-813\" srcset=\"https:\/\/sogutosb.org.tr\/wp-content\/uploads\/2024\/03\/cinarlar2.jpg 652w, https:\/\/sogutosb.org.tr\/wp-content\/uploads\/2024\/03\/cinarlar2-300x300.jpg 300w, https:\/\/sogutosb.org.tr\/wp-content\/uploads\/2024\/03\/cinarlar2-150x150.jpg 150w\" sizes=\"auto, (max-width: 652px) 100vw, 652px\" \/><\/figure>\n<\/figure>\n","protected":false},"excerpt":{"rendered":"","protected":false},"author":1,"featured_media":0,"parent":0,"menu_order":0,"comment_status":"closed","ping_status":"closed","template":"pages\/page-references.php","meta":{"footnotes":""},"class_list":["post-23","page","type-page","status-publish","hentry"],"_links":{"self":[{"href":"https:\/\/sogutosb.org.tr\/index.php?rest_route=\/wp\/v2\/pages\/23","targetHints":{"allow":["GET"]}}],"collection":[{"href":"https:\/\/sogutosb.org.tr\/index.php?rest_route=\/wp\/v2\/pages"}],"about":[{"href":"https:\/\/sogutosb.org.tr\/index.php?rest_route=\/wp\/v2\/types\/page"}],"author":[{"embeddable":true,"href":"https:\/\/sogutosb.org.tr\/index.php?rest_route=\/wp\/v2\/users\/1"}],"replies":[{"embeddable":true,"href":"https:\/\/sogutosb.org.tr\/index.php?rest_route=%2Fwp%2Fv2%2Fcomments&post=23"}],"version-history":[{"count":3,"href":"https:\/\/sogutosb.org.tr\/index.php?rest_route=\/wp\/v2\/pages\/23\/revisions"}],"predecessor-version":[{"id":929,"href":"https:\/\/sogutosb.org.tr\/index.php?rest_route=\/wp\/v2\/pages\/23\/revisions\/929"}],"wp:attachment":[{"href":"https:\/\/sogutosb.org.tr\/index.php?rest_route=%2Fwp%2Fv2%2Fmedia&parent=23"}],"curies":[{"name":"wp","href":"https:\/\/api.w.org\/{rel}","templated":true}]}}